{"id":34992,"date":"2025-11-28T20:56:31","date_gmt":"2025-11-28T19:56:31","guid":{"rendered":"https:\/\/siteinternet8.ch\/wellness\/"},"modified":"2025-12-01T12:32:03","modified_gmt":"2025-12-01T11:32:03","slug":"wellness","status":"publish","type":"page","link":"https:\/\/www.chateausalavaux.ch\/de\/wellness\/","title":{"rendered":"Wellness"},"content":{"rendered":"\t\t<div data-elementor-type=\"wp-page\" data-elementor-id=\"34992\" class=\"elementor elementor-34992 elementor-34985\" wpc-filter-elementor-widget=\"1\" data-elementor-post-type=\"page\">\n\t\t\t\t<div class=\"elementor-element elementor-element-b7706e4 e-flex e-con-boxed e-con e-parent\" data-id=\"b7706e4\" data-element_type=\"container\" data-e-type=\"container\" data-settings=\"{&quot;background_background&quot;:&quot;classic&quot;}\">\n\t\t\t\t\t<div class=\"e-con-inner\">\n\t\t\t\t\t<\/div>\n\t\t\t\t<\/div>\n\t\t<div class=\"elementor-element elementor-element-ae40638 e-flex e-con-boxed e-con e-child\" data-id=\"ae40638\" data-element_type=\"container\" data-e-type=\"container\" data-settings=\"{&quot;background_background&quot;:&quot;classic&quot;}\">\n\t\t\t\t\t<div class=\"e-con-inner\">\n\t\t\t\t<div class=\"elementor-element elementor-element-f754d50 elementor-widget elementor-widget-heading\" data-id=\"f754d50\" data-element_type=\"widget\" data-e-type=\"widget\" data-widget_type=\"heading.default\">\n\t\t\t\t<div class=\"elementor-widget-container\">\n\t\t\t\t\t<h1 class=\"elementor-heading-title elementor-size-default\">Wohlbefinden<\/h1>\t\t\t\t<\/div>\n\t\t\t\t<\/div>\n\t\t\t\t<div class=\"elementor-element elementor-element-09d53aa elementor-widget__width-inherit elementor-widget elementor-widget-heading\" data-id=\"09d53aa\" data-element_type=\"widget\" data-e-type=\"widget\" data-widget_type=\"heading.default\">\n\t\t\t\t<div class=\"elementor-widget-container\">\n\t\t\t\t\t<span class=\"elementor-heading-title elementor-size-default\">Durchatmen, abschalten, zu sich selbst finden...<\/span>\t\t\t\t<\/div>\n\t\t\t\t<\/div>\n\t\t\t\t\t<\/div>\n\t\t\t\t<\/div>\n\t\t<div class=\"elementor-element elementor-element-6c724d6 container e-flex e-con-boxed e-con e-parent\" data-id=\"6c724d6\" data-element_type=\"container\" data-e-type=\"container\">\n\t\t\t\t\t<div class=\"e-con-inner\">\n\t\t\t\t<div class=\"elementor-element elementor-element-160201e elementor-widget__width-initial reveal elementor-widget-tablet__width-inherit elementor-widget elementor-widget-image\" data-id=\"160201e\" data-element_type=\"widget\" data-e-type=\"widget\" data-widget_type=\"image.default\">\n\t\t\t\t<div class=\"elementor-widget-container\">\n\t\t\t\t\t\t\t\t\t\t\t\t\t\t\t<img fetchpriority=\"high\" decoding=\"async\" width=\"800\" height=\"800\" src=\"https:\/\/www.chateausalavaux.ch\/wp-content\/uploads\/2025\/11\/Insta--1024x1024.png\" class=\"attachment-large size-large wp-image-34437\" alt=\"\" srcset=\"https:\/\/www.chateausalavaux.ch\/wp-content\/uploads\/2025\/11\/Insta--1024x1024.png 1024w, https:\/\/www.chateausalavaux.ch\/wp-content\/uploads\/2025\/11\/Insta--300x300.png 300w, https:\/\/www.chateausalavaux.ch\/wp-content\/uploads\/2025\/11\/Insta--150x150.png 150w, https:\/\/www.chateausalavaux.ch\/wp-content\/uploads\/2025\/11\/Insta--768x768.png 768w, https:\/\/www.chateausalavaux.ch\/wp-content\/uploads\/2025\/11\/Insta-.png 1080w\" sizes=\"(max-width: 800px) 100vw, 800px\" \/>\t\t\t\t\t\t\t\t\t\t\t\t\t\t\t<\/div>\n\t\t\t\t<\/div>\n\t\t<div class=\"elementor-element elementor-element-25a76eb e-con-full e-flex e-con e-child\" data-id=\"25a76eb\" data-element_type=\"container\" data-e-type=\"container\">\n\t\t<div class=\"elementor-element elementor-element-c1c0efe e-con-full e-flex e-con e-child\" data-id=\"c1c0efe\" data-element_type=\"container\" data-e-type=\"container\">\n\t\t\t\t<div class=\"elementor-element elementor-element-f505e75 elementor-widget__width-inherit elementor-widget elementor-widget-heading\" data-id=\"f505e75\" data-element_type=\"widget\" data-e-type=\"widget\" data-widget_type=\"heading.default\">\n\t\t\t\t<div class=\"elementor-widget-container\">\n\t\t\t\t\t<span class=\"elementor-heading-title elementor-size-default\">La Vigne, Swiss Wine Therapy<\/span>\t\t\t\t<\/div>\n\t\t\t\t<\/div>\n\t\t\t\t<div class=\"elementor-element elementor-element-4c73d44 elementor-widget elementor-widget-text-editor\" data-id=\"4c73d44\" data-element_type=\"widget\" data-e-type=\"widget\" data-widget_type=\"text-editor.default\">\n\t\t\t\t<div class=\"elementor-widget-container\">\n\t\t\t\t\t\t\t\t\t<p data-start=\"130\" data-end=\"281\">Dank unserer Zusammenarbeit mit dem Spa <em data-start=\"170\" data-end=\"200\">La Vigne, Swiss Wine Therapy<\/em> ist diesen Winter ein ganzes Zimmer im Ch\u00e2teau Salavaux Ihrem Wohlbefinden gewidmet.<\/p><p data-start=\"283\" data-end=\"895\">Wir bieten Ihnen die M\u00f6glichkeit, einen Moment tiefer Entspannung mit einer Signature-Massage zu genie\u00dfen, inspiriert von den Ritualen der Vinotherapie. Die Vinotherapie, die aus den au\u00dfergew\u00f6hnlichen Eigenschaften von Weinrebe und Traube gewonnen wird, ist f\u00fcr ihre revitalisierenden Vorteile bekannt: Die Polyphenole, starke nat\u00fcrliche Antioxidantien, helfen, die Haut zu regenerieren, die Durchblutung anzuregen, Verspannungen zu lindern und die Zeichen der Hautalterung zu verlangsamen.<\/p><p data-start=\"283\" data-end=\"895\">In Kombination mit umh\u00fcllenden Massagetechniken und einzigartigen sensorischen Texturen bieten sie ein Erlebnis, das gleichzeitig entspannend, n\u00e4hrend und revitalisierend ist.<\/p><p data-start=\"897\" data-end=\"1002\">Eine wahre Auszeit der Sanftheit, in der sich der K\u00f6rper entspannt, der Geist zentriert und die Sinne erwachen.<\/p><p data-start=\"1004\" data-end=\"1064\"><a href=\"https:\/\/www.la-vigne.ch\/chateau-salavaux\">Entdecken Sie hier alle im Ch\u00e2teau Salavaux angebotenen Rituale.<\/a><\/p>\t\t\t\t\t\t\t\t<\/div>\n\t\t\t\t<\/div>\n\t\t\t\t<\/div>\n\t\t<div class=\"elementor-element elementor-element-a01d183 e-con-full e-flex e-con e-child\" data-id=\"a01d183\" data-element_type=\"container\" data-e-type=\"container\">\n\t\t\t\t<div class=\"elementor-element elementor-element-da2c8e6 elementor-widget__width-initial elementor-hidden-mobile elementor-widget elementor-widget-image\" data-id=\"da2c8e6\" data-element_type=\"widget\" data-e-type=\"widget\" data-widget_type=\"image.default\">\n\t\t\t\t<div class=\"elementor-widget-container\">\n\t\t\t\t\t\t\t\t\t\t\t\t\t\t\t<img decoding=\"async\" width=\"800\" height=\"635\" src=\"https:\/\/www.chateausalavaux.ch\/wp-content\/uploads\/2025\/09\/GOMMAG2-min-1260x1000-1-1024x813.jpg\" class=\"attachment-large size-large wp-image-34200\" alt=\"\" srcset=\"https:\/\/www.chateausalavaux.ch\/wp-content\/uploads\/2025\/09\/GOMMAG2-min-1260x1000-1-1024x813.jpg 1024w, https:\/\/www.chateausalavaux.ch\/wp-content\/uploads\/2025\/09\/GOMMAG2-min-1260x1000-1-300x238.jpg 300w, https:\/\/www.chateausalavaux.ch\/wp-content\/uploads\/2025\/09\/GOMMAG2-min-1260x1000-1-768x610.jpg 768w, https:\/\/www.chateausalavaux.ch\/wp-content\/uploads\/2025\/09\/GOMMAG2-min-1260x1000-1.jpg 1260w\" sizes=\"(max-width: 800px) 100vw, 800px\" \/>\t\t\t\t\t\t\t\t\t\t\t\t\t\t\t<\/div>\n\t\t\t\t<\/div>\n\t\t\t\t<div class=\"elementor-element elementor-element-e6faa53 elementor-widget__width-initial elementor-hidden-mobile elementor-widget elementor-widget-image\" data-id=\"e6faa53\" data-element_type=\"widget\" data-e-type=\"widget\" data-widget_type=\"image.default\">\n\t\t\t\t<div class=\"elementor-widget-container\">\n\t\t\t\t\t\t\t\t\t\t\t\t\t\t\t<img decoding=\"async\" width=\"800\" height=\"800\" src=\"https:\/\/www.chateausalavaux.ch\/wp-content\/uploads\/2025\/11\/Insta-1024x1024.png\" class=\"attachment-large size-large wp-image-34438\" alt=\"\" srcset=\"https:\/\/www.chateausalavaux.ch\/wp-content\/uploads\/2025\/11\/Insta-1024x1024.png 1024w, https:\/\/www.chateausalavaux.ch\/wp-content\/uploads\/2025\/11\/Insta-300x300.png 300w, https:\/\/www.chateausalavaux.ch\/wp-content\/uploads\/2025\/11\/Insta-150x150.png 150w, https:\/\/www.chateausalavaux.ch\/wp-content\/uploads\/2025\/11\/Insta-768x768.png 768w, https:\/\/www.chateausalavaux.ch\/wp-content\/uploads\/2025\/11\/Insta.png 1080w\" sizes=\"(max-width: 800px) 100vw, 800px\" \/>\t\t\t\t\t\t\t\t\t\t\t\t\t\t\t<\/div>\n\t\t\t\t<\/div>\n\t\t\t\t<\/div>\n\t\t\t\t<\/div>\n\t\t\t\t\t<\/div>\n\t\t\t\t<\/div>\n\t\t<div class=\"elementor-element elementor-element-257ee9f e-flex e-con-boxed e-con e-parent\" data-id=\"257ee9f\" data-element_type=\"container\" data-e-type=\"container\" data-settings=\"{&quot;background_background&quot;:&quot;classic&quot;}\">\n\t\t\t\t\t<div class=\"e-con-inner\">\n\t\t\t\t\t<\/div>\n\t\t\t\t<\/div>\n\t\t<div class=\"elementor-element elementor-element-6ee54b7 e-flex e-con-boxed e-con e-parent\" data-id=\"6ee54b7\" data-element_type=\"container\" data-e-type=\"container\" data-settings=\"{&quot;background_background&quot;:&quot;classic&quot;}\">\n\t\t\t\t\t<div class=\"e-con-inner\">\n\t\t\t\t<div class=\"elementor-element elementor-element-bdd7ca4 elementor-widget elementor-widget-heading\" data-id=\"bdd7ca4\" data-element_type=\"widget\" data-e-type=\"widget\" data-widget_type=\"heading.default\">\n\t\t\t\t<div class=\"elementor-widget-container\">\n\t\t\t\t\t<h2 class=\"elementor-heading-title elementor-size-default\">\u201eIm Herzen des Weinbergs <br>schl\u00e4gt das Wohlbefinden Wurzeln\u201c<\/h2>\t\t\t\t<\/div>\n\t\t\t\t<\/div>\n\t\t\t\t\t<\/div>\n\t\t\t\t<\/div>\n\t\t<div class=\"elementor-element elementor-element-37c5265 container e-flex e-con-boxed e-con e-parent\" data-id=\"37c5265\" data-element_type=\"container\" data-e-type=\"container\" data-settings=\"{&quot;background_background&quot;:&quot;classic&quot;}\">\n\t\t\t\t\t<div class=\"e-con-inner\">\n\t\t<div class=\"elementor-element elementor-element-688934a e-con-full e-flex e-con e-child\" data-id=\"688934a\" data-element_type=\"container\" data-e-type=\"container\">\n\t\t<div class=\"elementor-element elementor-element-15ccbe9 e-con-full e-flex e-con e-child\" data-id=\"15ccbe9\" data-element_type=\"container\" data-e-type=\"container\">\n\t\t\t\t<div class=\"elementor-element elementor-element-1344b93 elementor-widget__width-inherit elementor-widget elementor-widget-heading\" data-id=\"1344b93\" data-element_type=\"widget\" data-e-type=\"widget\" data-widget_type=\"heading.default\">\n\t\t\t\t<div class=\"elementor-widget-container\">\n\t\t\t\t\t<span class=\"elementor-heading-title elementor-size-default\">Ihr Wohlbefinden<\/span>\t\t\t\t<\/div>\n\t\t\t\t<\/div>\n\t\t\t\t<div class=\"elementor-element elementor-element-b2425e7 elementor-widget elementor-widget-text-editor\" data-id=\"b2425e7\" data-element_type=\"widget\" data-e-type=\"widget\" data-widget_type=\"text-editor.default\">\n\t\t\t\t<div class=\"elementor-widget-container\">\n\t\t\t\t\t\t\t\t\t<p>W\u00fcnschen Sie sich zu einer anderen Jahreszeit einen Moment der Entspannung?<\/p><p>Z\u00f6gern Sie nicht, uns zu informieren; wir werden alles daransetzen, Ihnen ein personalisiertes Entspannungserlebnis direkt in Ihrem Zimmer zu bieten.<\/p>\t\t\t\t\t\t\t\t<\/div>\n\t\t\t\t<\/div>\n\t\t\t\t<\/div>\n\t\t<div class=\"elementor-element elementor-element-6d4b279 e-con-full e-flex e-con e-child\" data-id=\"6d4b279\" data-element_type=\"container\" data-e-type=\"container\">\n\t\t\t\t<\/div>\n\t\t\t\t<\/div>\n\t\t\t\t<div class=\"elementor-element elementor-element-986fae8 elementor-widget__width-initial reveal elementor-widget-tablet__width-inherit elementor-widget elementor-widget-image\" data-id=\"986fae8\" data-element_type=\"widget\" data-e-type=\"widget\" data-widget_type=\"image.default\">\n\t\t\t\t<div class=\"elementor-widget-container\">\n\t\t\t\t\t\t\t\t\t\t\t\t\t\t\t<img loading=\"lazy\" decoding=\"async\" width=\"800\" height=\"534\" src=\"https:\/\/www.chateausalavaux.ch\/wp-content\/uploads\/2025\/11\/Rawkingphoto_DSC0662-1024x683.jpg\" class=\"attachment-large size-large wp-image-34535\" alt=\"\" srcset=\"https:\/\/www.chateausalavaux.ch\/wp-content\/uploads\/2025\/11\/Rawkingphoto_DSC0662-1024x683.jpg 1024w, https:\/\/www.chateausalavaux.ch\/wp-content\/uploads\/2025\/11\/Rawkingphoto_DSC0662-300x200.jpg 300w, https:\/\/www.chateausalavaux.ch\/wp-content\/uploads\/2025\/11\/Rawkingphoto_DSC0662-768x512.jpg 768w, https:\/\/www.chateausalavaux.ch\/wp-content\/uploads\/2025\/11\/Rawkingphoto_DSC0662-1536x1024.jpg 1536w, https:\/\/www.chateausalavaux.ch\/wp-content\/uploads\/2025\/11\/Rawkingphoto_DSC0662-2048x1365.jpg 2048w\" sizes=\"(max-width: 800px) 100vw, 800px\" \/>\t\t\t\t\t\t\t\t\t\t\t\t\t\t\t<\/div>\n\t\t\t\t<\/div>\n\t\t\t\t\t<\/div>\n\t\t\t\t<\/div>\n\t\t\t\t<\/div>\n\t\t","protected":false},"excerpt":{"rendered":"<p>Wohlbefinden Durchatmen, abschalten, zu sich selbst finden&#8230; La Vigne, Swiss Wine Therapy Dank unserer Zusammenarbeit mit dem Spa La Vigne, Swiss Wine Therapy ist diesen Winter ein ganzes Zimmer im Ch\u00e2teau Salavaux Ihrem Wohlbefinden gewidmet. Wir bieten Ihnen die M\u00f6glichkeit, einen Moment tiefer Entspannung mit einer Signature-Massage zu genie\u00dfen, inspiriert von den Ritualen der Vinotherapie. [&hellip;]<\/p>\n","protected":false},"author":4,"featured_media":0,"parent":0,"menu_order":0,"comment_status":"closed","ping_status":"closed","template":"elementor_header_footer","meta":{"_acf_changed":false,"footnotes":""},"class_list":["post-34992","page","type-page","status-publish","hentry"],"acf":[],"yoast_head":"<!-- This site is optimized with the Yoast SEO plugin v27.3 - https:\/\/yoast.com\/product\/yoast-seo-wordpress\/ -->\n<title>Wellness - Ch\u00e2teau Salavaux<\/title>\n<meta name=\"robots\" content=\"index, follow, max-snippet:-1, max-image-preview:large, max-video-preview:-1\" \/>\n<link rel=\"canonical\" href=\"https:\/\/www.chateausalavaux.ch\/de\/wellness\/\" \/>\n<meta property=\"og:locale\" content=\"de_DE\" \/>\n<meta property=\"og:type\" content=\"article\" \/>\n<meta property=\"og:title\" content=\"Wellness - Ch\u00e2teau Salavaux\" \/>\n<meta property=\"og:description\" content=\"Wohlbefinden Durchatmen, abschalten, zu sich selbst finden&#8230; La Vigne, Swiss Wine Therapy Dank unserer Zusammenarbeit mit dem Spa La Vigne, Swiss Wine Therapy ist diesen Winter ein ganzes Zimmer im Ch\u00e2teau Salavaux Ihrem Wohlbefinden gewidmet. Wir bieten Ihnen die M\u00f6glichkeit, einen Moment tiefer Entspannung mit einer Signature-Massage zu genie\u00dfen, inspiriert von den Ritualen der Vinotherapie. [&hellip;]\" \/>\n<meta property=\"og:url\" content=\"https:\/\/www.chateausalavaux.ch\/de\/wellness\/\" \/>\n<meta property=\"og:site_name\" content=\"Ch\u00e2teau Salavaux\" \/>\n<meta property=\"article:publisher\" content=\"https:\/\/www.facebook.com\/profile.php?id=100083407505537\" \/>\n<meta property=\"article:modified_time\" content=\"2025-12-01T11:32:03+00:00\" \/>\n<meta property=\"og:image\" content=\"https:\/\/2v93y6bxjlx.preview.infomaniak.website\/wp-content\/uploads\/2025\/11\/Insta--1024x1024.png\" \/>\n<meta name=\"twitter:card\" content=\"summary_large_image\" \/>\n<meta name=\"twitter:label1\" content=\"Gesch\u00e4tzte Lesezeit\" \/>\n\t<meta name=\"twitter:data1\" content=\"1\u00a0Minute\" \/>\n<script type=\"application\/ld+json\" class=\"yoast-schema-graph\">{\"@context\":\"https:\\\/\\\/schema.org\",\"@graph\":[{\"@type\":\"WebPage\",\"@id\":\"https:\\\/\\\/www.chateausalavaux.ch\\\/de\\\/wellness\\\/\",\"url\":\"https:\\\/\\\/www.chateausalavaux.ch\\\/de\\\/wellness\\\/\",\"name\":\"Wellness - Ch\u00e2teau Salavaux\",\"isPartOf\":{\"@id\":\"https:\\\/\\\/www.chateausalavaux.ch\\\/de\\\/#website\"},\"primaryImageOfPage\":{\"@id\":\"https:\\\/\\\/www.chateausalavaux.ch\\\/de\\\/wellness\\\/#primaryimage\"},\"image\":{\"@id\":\"https:\\\/\\\/www.chateausalavaux.ch\\\/de\\\/wellness\\\/#primaryimage\"},\"thumbnailUrl\":\"https:\\\/\\\/2v93y6bxjlx.preview.infomaniak.website\\\/wp-content\\\/uploads\\\/2025\\\/11\\\/Insta--1024x1024.png\",\"datePublished\":\"2025-11-28T19:56:31+00:00\",\"dateModified\":\"2025-12-01T11:32:03+00:00\",\"breadcrumb\":{\"@id\":\"https:\\\/\\\/www.chateausalavaux.ch\\\/de\\\/wellness\\\/#breadcrumb\"},\"inLanguage\":\"de\",\"potentialAction\":[{\"@type\":\"ReadAction\",\"target\":[\"https:\\\/\\\/www.chateausalavaux.ch\\\/de\\\/wellness\\\/\"]}]},{\"@type\":\"ImageObject\",\"inLanguage\":\"de\",\"@id\":\"https:\\\/\\\/www.chateausalavaux.ch\\\/de\\\/wellness\\\/#primaryimage\",\"url\":\"https:\\\/\\\/2v93y6bxjlx.preview.infomaniak.website\\\/wp-content\\\/uploads\\\/2025\\\/11\\\/Insta--1024x1024.png\",\"contentUrl\":\"https:\\\/\\\/2v93y6bxjlx.preview.infomaniak.website\\\/wp-content\\\/uploads\\\/2025\\\/11\\\/Insta--1024x1024.png\"},{\"@type\":\"BreadcrumbList\",\"@id\":\"https:\\\/\\\/www.chateausalavaux.ch\\\/de\\\/wellness\\\/#breadcrumb\",\"itemListElement\":[{\"@type\":\"ListItem\",\"position\":1,\"name\":\"Home\",\"item\":\"https:\\\/\\\/www.chateausalavaux.ch\\\/de\\\/\"},{\"@type\":\"ListItem\",\"position\":2,\"name\":\"Wellness\"}]},{\"@type\":\"WebSite\",\"@id\":\"https:\\\/\\\/www.chateausalavaux.ch\\\/de\\\/#website\",\"url\":\"https:\\\/\\\/www.chateausalavaux.ch\\\/de\\\/\",\"name\":\"Ch\u00e2teau Salavaux\",\"description\":\"Hotel et Restaurant Vully Morat\",\"publisher\":{\"@id\":\"https:\\\/\\\/www.chateausalavaux.ch\\\/de\\\/#organization\"},\"potentialAction\":[{\"@type\":\"SearchAction\",\"target\":{\"@type\":\"EntryPoint\",\"urlTemplate\":\"https:\\\/\\\/www.chateausalavaux.ch\\\/de\\\/?s={search_term_string}\"},\"query-input\":{\"@type\":\"PropertyValueSpecification\",\"valueRequired\":true,\"valueName\":\"search_term_string\"}}],\"inLanguage\":\"de\"},{\"@type\":\"Organization\",\"@id\":\"https:\\\/\\\/www.chateausalavaux.ch\\\/de\\\/#organization\",\"name\":\"Ch\u00e2teau Salavaux\",\"url\":\"https:\\\/\\\/www.chateausalavaux.ch\\\/de\\\/\",\"logo\":{\"@type\":\"ImageObject\",\"inLanguage\":\"de\",\"@id\":\"https:\\\/\\\/www.chateausalavaux.ch\\\/de\\\/#\\\/schema\\\/logo\\\/image\\\/\",\"url\":\"https:\\\/\\\/www.chateausalavaux.ch\\\/wp-content\\\/uploads\\\/2024\\\/02\\\/salvaux-logo.png\",\"contentUrl\":\"https:\\\/\\\/www.chateausalavaux.ch\\\/wp-content\\\/uploads\\\/2024\\\/02\\\/salvaux-logo.png\",\"width\":1052,\"height\":404,\"caption\":\"Ch\u00e2teau Salavaux\"},\"image\":{\"@id\":\"https:\\\/\\\/www.chateausalavaux.ch\\\/de\\\/#\\\/schema\\\/logo\\\/image\\\/\"},\"sameAs\":[\"https:\\\/\\\/www.facebook.com\\\/profile.php?id=100083407505537\"]}]}<\/script>\n<!-- \/ Yoast SEO plugin. -->","yoast_head_json":{"title":"Wellness - Ch\u00e2teau Salavaux","robots":{"index":"index","follow":"follow","max-snippet":"max-snippet:-1","max-image-preview":"max-image-preview:large","max-video-preview":"max-video-preview:-1"},"canonical":"https:\/\/www.chateausalavaux.ch\/de\/wellness\/","og_locale":"de_DE","og_type":"article","og_title":"Wellness - Ch\u00e2teau Salavaux","og_description":"Wohlbefinden Durchatmen, abschalten, zu sich selbst finden&#8230; La Vigne, Swiss Wine Therapy Dank unserer Zusammenarbeit mit dem Spa La Vigne, Swiss Wine Therapy ist diesen Winter ein ganzes Zimmer im Ch\u00e2teau Salavaux Ihrem Wohlbefinden gewidmet. Wir bieten Ihnen die M\u00f6glichkeit, einen Moment tiefer Entspannung mit einer Signature-Massage zu genie\u00dfen, inspiriert von den Ritualen der Vinotherapie. [&hellip;]","og_url":"https:\/\/www.chateausalavaux.ch\/de\/wellness\/","og_site_name":"Ch\u00e2teau Salavaux","article_publisher":"https:\/\/www.facebook.com\/profile.php?id=100083407505537","article_modified_time":"2025-12-01T11:32:03+00:00","og_image":[{"url":"https:\/\/2v93y6bxjlx.preview.infomaniak.website\/wp-content\/uploads\/2025\/11\/Insta--1024x1024.png","type":"","width":"","height":""}],"twitter_card":"summary_large_image","twitter_misc":{"Gesch\u00e4tzte Lesezeit":"1\u00a0Minute"},"schema":{"@context":"https:\/\/schema.org","@graph":[{"@type":"WebPage","@id":"https:\/\/www.chateausalavaux.ch\/de\/wellness\/","url":"https:\/\/www.chateausalavaux.ch\/de\/wellness\/","name":"Wellness - Ch\u00e2teau Salavaux","isPartOf":{"@id":"https:\/\/www.chateausalavaux.ch\/de\/#website"},"primaryImageOfPage":{"@id":"https:\/\/www.chateausalavaux.ch\/de\/wellness\/#primaryimage"},"image":{"@id":"https:\/\/www.chateausalavaux.ch\/de\/wellness\/#primaryimage"},"thumbnailUrl":"https:\/\/2v93y6bxjlx.preview.infomaniak.website\/wp-content\/uploads\/2025\/11\/Insta--1024x1024.png","datePublished":"2025-11-28T19:56:31+00:00","dateModified":"2025-12-01T11:32:03+00:00","breadcrumb":{"@id":"https:\/\/www.chateausalavaux.ch\/de\/wellness\/#breadcrumb"},"inLanguage":"de","potentialAction":[{"@type":"ReadAction","target":["https:\/\/www.chateausalavaux.ch\/de\/wellness\/"]}]},{"@type":"ImageObject","inLanguage":"de","@id":"https:\/\/www.chateausalavaux.ch\/de\/wellness\/#primaryimage","url":"https:\/\/2v93y6bxjlx.preview.infomaniak.website\/wp-content\/uploads\/2025\/11\/Insta--1024x1024.png","contentUrl":"https:\/\/2v93y6bxjlx.preview.infomaniak.website\/wp-content\/uploads\/2025\/11\/Insta--1024x1024.png"},{"@type":"BreadcrumbList","@id":"https:\/\/www.chateausalavaux.ch\/de\/wellness\/#breadcrumb","itemListElement":[{"@type":"ListItem","position":1,"name":"Home","item":"https:\/\/www.chateausalavaux.ch\/de\/"},{"@type":"ListItem","position":2,"name":"Wellness"}]},{"@type":"WebSite","@id":"https:\/\/www.chateausalavaux.ch\/de\/#website","url":"https:\/\/www.chateausalavaux.ch\/de\/","name":"Ch\u00e2teau Salavaux","description":"Hotel et Restaurant Vully Morat","publisher":{"@id":"https:\/\/www.chateausalavaux.ch\/de\/#organization"},"potentialAction":[{"@type":"SearchAction","target":{"@type":"EntryPoint","urlTemplate":"https:\/\/www.chateausalavaux.ch\/de\/?s={search_term_string}"},"query-input":{"@type":"PropertyValueSpecification","valueRequired":true,"valueName":"search_term_string"}}],"inLanguage":"de"},{"@type":"Organization","@id":"https:\/\/www.chateausalavaux.ch\/de\/#organization","name":"Ch\u00e2teau Salavaux","url":"https:\/\/www.chateausalavaux.ch\/de\/","logo":{"@type":"ImageObject","inLanguage":"de","@id":"https:\/\/www.chateausalavaux.ch\/de\/#\/schema\/logo\/image\/","url":"https:\/\/www.chateausalavaux.ch\/wp-content\/uploads\/2024\/02\/salvaux-logo.png","contentUrl":"https:\/\/www.chateausalavaux.ch\/wp-content\/uploads\/2024\/02\/salvaux-logo.png","width":1052,"height":404,"caption":"Ch\u00e2teau Salavaux"},"image":{"@id":"https:\/\/www.chateausalavaux.ch\/de\/#\/schema\/logo\/image\/"},"sameAs":["https:\/\/www.facebook.com\/profile.php?id=100083407505537"]}]}},"_links":{"self":[{"href":"https:\/\/www.chateausalavaux.ch\/de\/wp-json\/wp\/v2\/pages\/34992","targetHints":{"allow":["GET"]}}],"collection":[{"href":"https:\/\/www.chateausalavaux.ch\/de\/wp-json\/wp\/v2\/pages"}],"about":[{"href":"https:\/\/www.chateausalavaux.ch\/de\/wp-json\/wp\/v2\/types\/page"}],"author":[{"embeddable":true,"href":"https:\/\/www.chateausalavaux.ch\/de\/wp-json\/wp\/v2\/users\/4"}],"replies":[{"embeddable":true,"href":"https:\/\/www.chateausalavaux.ch\/de\/wp-json\/wp\/v2\/comments?post=34992"}],"version-history":[{"count":7,"href":"https:\/\/www.chateausalavaux.ch\/de\/wp-json\/wp\/v2\/pages\/34992\/revisions"}],"predecessor-version":[{"id":35078,"href":"https:\/\/www.chateausalavaux.ch\/de\/wp-json\/wp\/v2\/pages\/34992\/revisions\/35078"}],"wp:attachment":[{"href":"https:\/\/www.chateausalavaux.ch\/de\/wp-json\/wp\/v2\/media?parent=34992"}],"curies":[{"name":"wp","href":"https:\/\/api.w.org\/{rel}","templated":true}]}}